{"id":579,"date":"2023-08-20T11:55:36","date_gmt":"2023-08-20T11:55:36","guid":{"rendered":"https:\/\/biodesignpools.vn\/?page_id=579"},"modified":"2023-08-21T04:38:35","modified_gmt":"2023-08-21T04:38:35","slug":"an-eco-friendly-pool","status":"publish","type":"page","link":"https:\/\/biodesignpools.vn\/en\/an-eco-friendly-pool\/","title":{"rendered":"An eco-friendly pool"},"content":{"rendered":"\n  <div id=\"page-header-893737283\" class=\"page-header-wrapper\">\n  <div class=\"page-title dark featured-title\">\n\n        <div class=\"page-title-bg\">\n      <div class=\"title-bg fill bg-fill\"\n        data-parallax-container=\".page-title\"\n        data-parallax-background\n        data-parallax=\"-\">\n      <\/div>\n      <div class=\"title-overlay fill\"><\/div>\n    <\/div>\n    \n    <div class=\"page-title-inner container align-center text-center flex-row-col medium-flex-wrap\" >\n              <div class=\"title-wrapper is-larger flex-col\">\n          <h1 class=\"entry-title mb-0\">\n            An eco-friendly pool          <\/h1>\n        <\/div>\n                    <div class=\"title-content flex-col\">\n        <div class=\"title-breadcrumbs pb-half pt-half\"><\/div>      <\/div>\n    <\/div>\n\n     \n<style>\n#page-header-893737283 .page-title-inner {\n  min-height: 280px;\n}\n#page-header-893737283 .title-bg {\n  background-image: url(https:\/\/biodesignpools.vn\/wp-content\/uploads\/2023\/08\/carosello-3-scaled-1.jpg);\n  background-position: top;\n}\n@media (min-width:550px) {\n  #page-header-893737283 .page-title-inner {\n    min-height: 680px;\n  }\n}\n<\/style>\n  <\/div>\n    <\/div>\n  \n\n\t<section class=\"section\" id=\"section_470163507\">\n\t\t<div class=\"bg section-bg fill bg-fill  bg-loaded\" >\n\n\t\t\t\n\t\t\t\n\t\t\t\n\n\t\t<\/div>\n\n\t\t\n\n\t\t<div class=\"section-content relative\">\n\t\t\t\n\n\t<div id=\"gap-349141861\" class=\"gap-element clearfix\" style=\"display:block; height:auto;\">\n\t\t\n<style>\n#gap-349141861 {\n  padding-top: 30px;\n}\n<\/style>\n\t<\/div>\n\t\n\n<div class=\"row\"  id=\"row-1082544751\">\n\n\n\t<div id=\"col-1437385880\" class=\"col medium-3 small-12 large-3\"  >\n\t\t\t\t<div class=\"col-inner\"  >\n\t\t\t\n\t\t\t\n\n<h2>Biodesign Pools has won the first price at BCN (Piscina &amp; Wellness Barcelona) for its sustainability.<\/h2>\n\n\t\t<\/div>\n\t\t\t\t\t<\/div>\n\n\t\n\n\t<div id=\"col-1489294067\" class=\"col medium-3 small-12 large-3\"  >\n\t\t\t\t<div class=\"col-inner\"  >\n\t\t\t\n\t\t\t\n\n<p><span style=\"font-size: 90%;\">Biodesign Pools has won the first pool price at BCN for the sustainability of the product for guaranteeing the efficient use of the resources (water, energy, raw materials) and for its respect of the environment during its whole life cycle (production, installation, utilisation, dismantling and recycling). An award for its sustainability, for the environment, its environmental friendliness and bio-essence.<\/span><\/p>\n\n\t\t<\/div>\n\t\t\t\t\t<\/div>\n\n\t\n\n\t<div id=\"col-987301239\" class=\"col medium-3 small-12 large-3\"  >\n\t\t\t\t<div class=\"col-inner\"  >\n\t\t\t\n\t\t\t\n\n<p><span style=\"font-size: 90%;\">The only protests in terms of environment, which keep the discussion animated, are given by the difficulties in receiving authorisations for the construction of pools, or even cases where the demands are rejected. We should think about it, if our insensitivity is related in some way to the administrative strictness.<\/span><\/p>\n\n\t\t<\/div>\n\t\t\t\t\t<\/div>\n\n\t\n\n\t<div id=\"col-1439982797\" class=\"col medium-3 small-12 large-3\"  >\n\t\t\t\t<div class=\"col-inner\"  >\n\t\t\t\n\t\t\t\n\n<p><span style=\"font-size: 90%;\">When these word are used, normally we refer to a business and certainly not to the sensitivity of humans towards the environment. We often discuss about these subjects during our courses by asking open question to the audience. The answers we receive are a proof of our sensation: people could pave a whole area an nobody would care about it.<\/span><\/p>\n\n\t\t<\/div>\n\t\t\t\t\t<\/div>\n\n\t\n\n<\/div>\n\n\t\t<\/div>\n\n\t\t\n<style>\n#section_470163507 {\n  padding-top: 30px;\n  padding-bottom: 30px;\n}\n@media (min-width:550px) {\n  #section_470163507 {\n    padding-top: 70px;\n    padding-bottom: 70px;\n  }\n}\n<\/style>\n\t<\/section>\n\t\n\t<section class=\"section\" id=\"section_203957002\">\n\t\t<div class=\"bg section-bg fill bg-fill  bg-loaded\" >\n\n\t\t\t\n\t\t\t\n\t\t\t\n\n\t\t<\/div>\n\n\t\t\n\n\t\t<div class=\"section-content relative\">\n\t\t\t\n\n<div class=\"row row-collapse\"  id=\"row-1554899746\">\n\n\n\t<div id=\"col-854780713\" class=\"col medium-7 small-12 large-7\"  >\n\t\t\t\t<div class=\"col-inner\"  >\n\t\t\t\n\t\t\t\n\n\t<div id=\"text-4126851338\" class=\"text texth3fix\">\n\t\t\n\n<h3>Are you interested in a Biodesign Pool?<br \/>Do not wait any longer. Contact us now!<\/h3>\n\t\t\t<\/div>\n\t\n\n\t\t<\/div>\n\t\t\t\t\n<style>\n#col-854780713 > .col-inner {\n  padding: 0px 15px 15px 15px;\n}\n<\/style>\n\t<\/div>\n\n\t\n\n\t<div id=\"col-2047321897\" class=\"col medium-5 small-12 large-5\"  >\n\t\t\t\t<div class=\"col-inner text-center\"  >\n\t\t\t\n\t\t\t\n\n<a href=\"https:\/\/biodesignpools.vn\/en\/get-a-free-quote\/\" target=\"_self\" class=\"button primary baogia\"  >\n    <span>Contact us \u2192<\/span>\n  <\/a>\n\n\n\n\t\t<\/div>\n\t\t\t\t\n<style>\n#col-2047321897 > .col-inner {\n  padding: 0px 15px 0px 15px;\n}\n<\/style>\n\t<\/div>\n\n\t\n\n<\/div>\n\n\t\t<\/div>\n\n\t\t\n<style>\n#section_203957002 {\n  padding-top: 30px;\n  padding-bottom: 30px;\n  background-color: rgb(245, 245, 245);\n}\n@media (min-width:550px) {\n  #section_203957002 {\n    padding-top: 100px;\n    padding-bottom: 100px;\n  }\n}\n<\/style>\n\t<\/section>\n\t\n\t<section class=\"section dark\" id=\"section_237260950\">\n\t\t<div class=\"bg section-bg fill bg-fill  \" >\n\n\t\t\t\n\t\t\t\n\t\t\t\n\n\t\t<\/div>\n\n\t\t\n\n\t\t<div class=\"section-content relative\">\n\t\t\t\n\n<div class=\"row row-small\"  id=\"row-576696615\">\n\n\n\t<div id=\"col-1378955996\" class=\"col medium-6 small-12 large-6\"  >\n\t\t\t\t<div class=\"col-inner\"  >\n\t\t\t\n\t\t\t\n\n<h2><span style=\"font-size: 120%;\">Kh\u00f4ng c\u00f3 b\u00ea t\u00f4ng<\/span><\/h2>\n<p><span style=\"font-size: 90%;\">TH\u00c2N THI\u1ec6N V\u1edaI M\u00d4I TR\u01af\u1edcNG<\/span><\/p>\n\n\t\t<\/div>\n\t\t\t\t\t<\/div>\n\n\t\n\n\t<div id=\"col-1838627095\" class=\"col medium-6 small-12 large-6\"  >\n\t\t\t\t<div class=\"col-inner\"  >\n\t\t\t\n\t\t\t\n\n<p><span style=\"font-size: 90%;\">Ho\u00e0n to\u00e0n kh\u00f4ng c\u00f3 b\u00ea t\u00f4ng, l\u1edbp l\u00f3t ch\u1ed1ng th\u1ea5m do Greenpeace \u0111\u1ec1 xu\u1ea5t, c\u00e1c b\u00e1o c\u00e1o \u0111\u1ecba ch\u1ea5t v\u00e0 s\u00e0ng l\u1ecdc c\u1ea3nh quan khi\u1ebfn Biodesign tr\u1edf th\u00e0nh m\u1ed9t h\u1ed3 b\u01a1i \u0111\u1ed9c \u0111\u00e1o.<\/span><\/p>\n<p><span style=\"font-size: 90%;\">Tr\u00ean th\u1ef1c t\u1ebf, m\u1eb7t \u0111\u1ea5t kh\u00f4ng ch\u1ecbu b\u1ea5t k\u1ef3 t\u1ea3i tr\u1ecdng n\u00e0o cao h\u01a1n v\u00e0 c\u1ea5u tr\u00fac \u0111\u01b0\u1ee3c t\u00e1ch bi\u1ec7t ho\u00e0n h\u1ea3o v\u1edbi m\u1eb7t \u0111\u1ea5t, \u0111\u1ebfn m\u1ee9c c\u00f3 th\u1ec3 coi l\u00e0 c\u00f3 th\u1ec3 di chuy\u1ec3n \u0111\u01b0\u1ee3c.<\/span><\/p>\n\n\t\t<\/div>\n\t\t\t\t\t<\/div>\n\n\t\n\n<\/div>\n\n\t\t<\/div>\n\n\t\t\n<style>\n#section_237260950 {\n  padding-top: 30px;\n  padding-bottom: 30px;\n}\n#section_237260950 .section-bg.bg-loaded {\n  background-image: url(https:\/\/biodesignpools.vn\/wp-content\/uploads\/2023\/08\/eco-compatibile-1.jpg);\n}\n@media (min-width:550px) {\n  #section_237260950 {\n    padding-top: 100px;\n    padding-bottom: 100px;\n  }\n}\n<\/style>\n\t<\/section>\n\t\n\n","protected":false},"excerpt":{"rendered":"","protected":false},"author":1,"featured_media":0,"parent":0,"menu_order":0,"comment_status":"closed","ping_status":"closed","template":"page-transparent-header-light.php","meta":{"footnotes":""},"class_list":["post-579","page","type-page","status-publish","hentry"],"_links":{"self":[{"href":"https:\/\/biodesignpools.vn\/en\/wp-json\/wp\/v2\/pages\/579","targetHints":{"allow":["GET"]}}],"collection":[{"href":"https:\/\/biodesignpools.vn\/en\/wp-json\/wp\/v2\/pages"}],"about":[{"href":"https:\/\/biodesignpools.vn\/en\/wp-json\/wp\/v2\/types\/page"}],"author":[{"embeddable":true,"href":"https:\/\/biodesignpools.vn\/en\/wp-json\/wp\/v2\/users\/1"}],"replies":[{"embeddable":true,"href":"https:\/\/biodesignpools.vn\/en\/wp-json\/wp\/v2\/comments?post=579"}],"version-history":[{"count":8,"href":"https:\/\/biodesignpools.vn\/en\/wp-json\/wp\/v2\/pages\/579\/revisions"}],"predecessor-version":[{"id":736,"href":"https:\/\/biodesignpools.vn\/en\/wp-json\/wp\/v2\/pages\/579\/revisions\/736"}],"wp:attachment":[{"href":"https:\/\/biodesignpools.vn\/en\/wp-json\/wp\/v2\/media?parent=579"}],"curies":[{"name":"wp","href":"https:\/\/api.w.org\/{rel}","templated":true}]}}